{"id":347,"date":"2019-07-31T15:09:00","date_gmt":"2019-07-31T15:09:00","guid":{"rendered":"https:\/\/www.serclim.info\/?page_id=347"},"modified":"2021-01-22T07:28:11","modified_gmt":"2021-01-22T07:28:11","slug":"legal","status":"publish","type":"page","link":"https:\/\/www.serclim.info\/?page_id=347","title":{"rendered":"Legal"},"content":{"rendered":"<p>[et_pb_section bb_built=\u00bb1&#8243;][et_pb_row][et_pb_column type=\u00bb4_4&#8243;][et_pb_text _builder_version=\u00bb3.5.1&#8243; text_orientation=\u00bbcenter\u00bb saved_tabs=\u00bball\u00bb]<\/p>\n<p style=\"text-align: center;\"><span class=\"s1\"><b>CONDICIONES DE USO<\/b><\/span><\/p>\n<p>[\/et_pb_text][et_pb_text _builder_version=\u00bb3.5.1&#8243; text_orientation=\u00bbcenter\u00bb saved_tabs=\u00bball\u00bb]<\/p>\n<p class=\"p2\" style=\"text-align: left;\"><span class=\"s1\">En cumplimiento de la Ley 34\/2002, de 11 de julio, de Servicios de la Sociedad de la Informaci\u00f3n y de Comercio Electr\u00f3nico (LSSI-CE), SERCLIM SL informa que es titular del sitio web WWW.SERCLIM.INFO. De acuerdo con la exigencia del art\u00edculo 10 de la citada Ley, SERCLIM SL informa de los siguientes datos:<\/span><\/p>\n<p class=\"p2\" style=\"text-align: left;\"><span class=\"s1\">El titular de este sitio web es SERCLIM SL, con CIF B54338736 y domicilio social en C\/ JOSE RIBERA MONTES, 15 03802 ALCOY (ALICANTE), inscrita en el Registro Mercantil, en el tomo 3294, folio 155, hoja A-112656 e inscripci\u00f3n 1\u00aa. La direcci\u00f3n de correo electr\u00f3nico de contacto con la empresa es: INSTALACIONES@SERCLIN.INFO.<\/span><\/p>\n<p class=\"p3\" style=\"text-align: left;\"><span class=\"s1\"><b>Usuario y r\u00e9gimen de responsabilidades<\/b><\/span><\/p>\n<p class=\"p2\" style=\"text-align: left;\"><span class=\"s1\">La navegaci\u00f3n, acceso y uso por el sitio web de SERCLIM SL confiere la condici\u00f3n de usuario, por la que se aceptan, desde la navegaci\u00f3n por el sitio web de SERCLIM SL, todas las condiciones de uso aqu\u00ed establecidas sin perjuicio de la aplicaci\u00f3n de la correspondiente normativa de obligado cumplimiento legal seg\u00fan el caso.<\/span><\/p>\n<p class=\"p2\" style=\"text-align: left;\"><span class=\"s1\">El sitio web de SERCLIM SL proporciona gran diversidad de informaci\u00f3n, servicios y datos. El usuario asume su responsabilidad en el uso correcto del sitio web. Esta responsabilidad se extender\u00e1 a:<\/span><\/p>\n<ul class=\"ul1\" style=\"text-align: left;\">\n<li class=\"li4\"><span class=\"s1\">La veracidad y licitud de las informaciones aportadas por el usuario en los formularios extendidos por SERCLIM SL para el acceso a ciertos contenidos o servicios ofrecidos por el web.<\/span><\/li>\n<li class=\"li2\"><span class=\"s1\">El uso de la informaci\u00f3n, servicios y datos ofrecidos por SERCLIM SL contrariamente a lo dispuesto por las presentes condiciones, la Ley, la moral, las buenas costumbres o el orden p\u00fablico, o que de cualquier otro modo puedan suponer lesi\u00f3n de los derechos de terceros o del mismo funcionamiento del sitio web.<\/span><\/li>\n<\/ul>\n<p class=\"p3\" style=\"text-align: left;\"><span class=\"s1\"><b>Pol\u00edtica de enlaces y exenciones de responsabilidad<\/b><\/span><\/p>\n<p class=\"p2\" style=\"text-align: left;\"><span class=\"s1\">SERCLIM SL no se hace responsable del contenido de los sitios web a los que el usuario pueda acceder a trav\u00e9s de los enlaces establecidos en su sitio web y declara que en ning\u00fan caso proceder\u00e1 a examinar o ejercitar ning\u00fan tipo de control sobre el contenido de otros sitios de la red. Asimismo, tampoco garantizar\u00e1 la disponibilidad t\u00e9cnica, exactitud, veracidad, validez o legalidad de sitios ajenos a su propiedad a los que se pueda acceder por medio de los enlaces.<\/span><\/p>\n<p class=\"p2\" style=\"text-align: left;\"><span class=\"s1\">SERCLIM SL declara haber adoptado todas las medidas necesarias para evitar cualquier da\u00f1o a los usuarios de su sitio web, que pudieran derivarse de la navegaci\u00f3n por su sitio web. En consecuencia, SERCLIM SL no se hace responsable, en ning\u00fan caso, de los eventuales da\u00f1os que por la navegaci\u00f3n por Internet pudiera sufrir el usuario.<\/span><\/p>\n<p class=\"p3\" style=\"text-align: left;\"><span class=\"s1\"><b>Modificaciones<\/b><\/span><\/p>\n<p class=\"p2\" style=\"text-align: left;\"><span class=\"s1\">SERCLIM SL se reserva el derecho a realizar las modificaciones que considere oportunas, sin aviso previo, en el contenido de su sitio web. Tanto en lo referente a los contenidos del sitio web, como en las condiciones de uso del mismo, o en las condiciones generales de contrataci\u00f3n. Dichas modificaciones podr\u00e1n realizarse a trav\u00e9s de su sitio web por cualquier forma admisible en derecho y ser\u00e1n de obligado cumplimiento durante el tiempo en que se encuentren publicadas en el web y hasta que no sean modificadas v\u00e1lidamente por otras posteriores.<\/span><\/p>\n<p class=\"p5\" style=\"text-align: left;\"><span class=\"s1\"><b>Protecci\u00f3n de datos<\/b><\/span><\/p>\n<p class=\"p2\" style=\"text-align: left;\"><span class=\"s1\">De conformidad con lo establecido en la normativa vigente en Protecci\u00f3n de Datos de Car\u00e1cter Personal, le informamos que sus datos ser\u00e1n incorporados al sistema de tratamiento titularidad de SERCLIM SL con CIF B54338736 y domicilio social sito en C\/ JOSE RIBERA MONTES, 15 03802 ALCOY (ALICANTE), con la finalidad de poder facilitar, agilizar y cumplir los compromisos establecidos entre ambas partes. En cumplimiento con la normativa vigente, SERCLIM SL informa que los datos ser\u00e1n conservados durante el plazo estrictamente necesario para cumplir con los preceptos mencionados con anterioridad.<\/span><\/p>\n<p class=\"p2\" style=\"text-align: left;\"><span class=\"s1\">Mientras no nos comunique lo contrario, entenderemos que sus datos no han sido modificados, que usted se compromete a notificarnos cualquier variaci\u00f3n y que tenemos su consentimiento para utilizarlos<span class=\"Apple-converted-space\">\u00a0 <\/span>para<span class=\"Apple-converted-space\">\u00a0 <\/span>las finalidades mencionadas.<\/span><\/p>\n<p class=\"p2\" style=\"text-align: left;\"><span class=\"s1\">SERCLIM SL informa que proceder\u00e1 a tratar los datos de manera l\u00edcita, leal, transparente, adecuada, pertinente, limitada, exacta y actualizada. Es por ello que SERCLIM SL se compromete a adoptar todas las medidas razonables para que estos se supriman o rectifiquen sin dilaci\u00f3n cuando sean inexactos.<\/span><\/p>\n<p class=\"p2\" style=\"text-align: left;\"><span class=\"s1\">De acuerdo con los derechos que le confiere el la normativa vigente en protecci\u00f3n de datos podr\u00e1 ejercer los derechos de acceso, rectificaci\u00f3n, limitaci\u00f3n de tratamiento, supresi\u00f3n, portabilidad y oposici\u00f3n al tratamiento de sus datos de car\u00e1cter personal as\u00ed como del consentimiento prestado para el tratamiento de los mismos, dirigiendo su petici\u00f3n a la direcci\u00f3n postal indicada m\u00e1s arriba o al correo electr\u00f3nico INSTALACIONES@SERCLIN.INFO.<\/span><\/p>\n<p class=\"p2\" style=\"text-align: left;\"><span class=\"s1\">Podr\u00e1 dirigirse a la Autoridad de Control competente para presentar la reclamaci\u00f3n que considere oportuna.<\/span><\/p>\n<p class=\"p3\" style=\"text-align: left;\"><span class=\"s1\"><b>Propiedad intelectual e industrial<\/b><\/span><\/p>\n<p class=\"p2\" style=\"text-align: left;\"><span class=\"s1\">SERCLIM SL por s\u00ed misma o como cesionaria, es titular de todos los derechos de propiedad intelectual e industrial de su p\u00e1gina web, as\u00ed como de los elementos contenidos en la misma (a t\u00edtulo enunciativo, im\u00e1genes, sonido, audio, v\u00eddeo, software o textos; marcas o logotipos, combinaciones de colores, estructura y dise\u00f1o, selecci\u00f3n de materiales usados, programas de ordenador necesarios para su funcionamiento, acceso y uso, etc.), titularidad de SERCLIM SL. Ser\u00e1n, por consiguiente, obras protegidas como propiedad intelectual por el ordenamiento jur\u00eddico espa\u00f1ol, si\u00e9ndoles aplicables tanto la normativa espa\u00f1ola y comunitaria en este campo, como los tratados internacionales relativos a la materia y suscritos por Espa\u00f1a.<\/span><\/p>\n<p class=\"p2\" style=\"text-align: left;\"><span class=\"s1\">Todos los derechos reservados. En virtud de lo dispuesto en la Ley de Propiedad Intelectual, quedan expresamente prohibidas la reproducci\u00f3n, la distribuci\u00f3n y la comunicaci\u00f3n p\u00fablica, incluida su modalidad de puesta a disposici\u00f3n, de la totalidad o parte de los contenidos de esta p\u00e1gina web, con fines comerciales, en cualquier soporte y por cualquier medio t\u00e9cnico, sin la autorizaci\u00f3n de SERCLIM SL.<\/span><\/p>\n<p class=\"p2\" style=\"text-align: left;\"><span class=\"s1\">El usuario se compromete a respetar los derechos de Propiedad Intelectual e Industrial titularidad de SERCLIM SL. Podr\u00e1 visualizar los elementos del portal e incluso imprimirlos, copiarlos y almacenarlos en el disco duro de su ordenador o en cualquier otro soporte f\u00edsico siempre y cuando sea, \u00fanica y exclusivamente, para su uso personal y privado. El usuario deber\u00e1 abstenerse de suprimir, alterar, eludir o manipular cualquier dispositivo de protecci\u00f3n o sistema de seguridad que estuviera instalado en<span class=\"Apple-converted-space\">\u00a0 <\/span>las p\u00e1ginas de SERCLIM SL.<\/span><\/p>\n<p class=\"p3\" style=\"text-align: left;\"><span class=\"s1\"><b>Acciones legales, legislaci\u00f3n aplicable y jurisdicci\u00f3n<\/b><\/span><\/p>\n<p class=\"p2\" style=\"text-align: left;\"><span class=\"s1\">SERCLIM SL se reserva, asimismo, la facultad de presentar las acciones civiles o penales que considere oportunas por la utilizaci\u00f3n indebida de su sitio web y contenidos, o por el incumplimiento de las presentes condiciones.<\/span><\/p>\n<p class=\"p2\" style=\"text-align: left;\"><span class=\"s1\">La relaci\u00f3n entre el usuario y el prestador se regir\u00e1 por la normativa vigente y de aplicaci\u00f3n en el territorio espa\u00f1ol. De surgir cualquier controversia las partes podr\u00e1n someter sus conflictos a arbitraje o acudir a la jurisdicci\u00f3n ordinaria cumpliendo con las normas sobre jurisdicci\u00f3n y competencia al respecto. SERCLIM SL tiene su domicilio en ALCOY, Espa\u00f1a.<\/span><\/p>\n<p>[\/et_pb_text][\/et_pb_column][\/et_pb_row][et_pb_row][et_pb_column type=\u00bb4_4&#8243;][et_pb_text _builder_version=\u00bb3.5.1&#8243; text_orientation=\u00bbcenter\u00bb saved_tabs=\u00bball\u00bb]<\/p>\n<p style=\"text-align: center;\"><span class=\"s1\"><b>CL\u00c1USULA INFORMATIVA RGPD Y LSSI-CE<\/b><\/span><\/p>\n<p>[\/et_pb_text][et_pb_text _builder_version=\u00bb3.5.1&#8243; text_orientation=\u00bbcenter\u00bb saved_tabs=\u00bball\u00bb]<\/p>\n<p class=\"p2\" style=\"text-align: left;\"><span class=\"s1\">De conformidad con lo establecido en la normativa vigente en Protecci\u00f3n de Datos de Car\u00e1cter Personal, le informamos que sus datos ser\u00e1n incorporados al sistema de tratamiento titularidad de SERCLIM SL con CIF B54338736 y domicilio social sito en C\/ JOSE RIBERA MONTES, 15 03802 ALCOY (ALICANTE), con la finalidad de poder atender los compromisos derivados de la relaci\u00f3n que mantenemos con usted. En cumplimiento con la normativa vigente, SERCLIM SL informa que los datos ser\u00e1n conservados durante el plazo estrictamente necesario para cumplir con los preceptos mencionados con anterioridad.<\/span><\/p>\n<p class=\"p2\" style=\"text-align: left;\"><span class=\"s1\">SERCLIM SL informa que proceder\u00e1 a tratar los datos de manera l\u00edcita, leal, transparente, adecuada, pertinente, limitada, exacta y actualizada. Es por ello que SERCLIM SL se compromete a adoptar todas las medidas razonables para que estos se supriman o rectifiquen sin dilaci\u00f3n cuando sean inexactos.<\/span><\/p>\n<p class=\"p2\" style=\"text-align: left;\"><span class=\"s1\">De acuerdo con los derechos que le confiere el la normativa vigente en protecci\u00f3n de datos podr\u00e1 ejercer los derechos de acceso, rectificaci\u00f3n, limitaci\u00f3n de tratamiento, supresi\u00f3n, portabilidad y oposici\u00f3n al tratamiento de sus datos de car\u00e1cter personal as\u00ed como del consentimiento prestado para el tratamiento de los mismos, dirigiendo su petici\u00f3n a la direcci\u00f3n postal indicada m\u00e1s arriba o al correo electr\u00f3nico INSTALACIONES@SERCLIN.INFO.<\/span><\/p>\n<p class=\"p2\" style=\"text-align: left;\"><span class=\"s1\">Asimismo y de acuerdo con lo establecido en la Ley 34\/2002, de 11 de julio, de Servicios de la Sociedad de la Informaci\u00f3n y de Comercio Electr\u00f3nico, en su art\u00edculo 21, solicitamos tambi\u00e9n su consentimiento expreso para enviarle publicidad de nuestros productos o promociones que consideremos puedan ser de su inter\u00e9s, por correo electr\u00f3nico o por cualquier otro medio de comunicaci\u00f3n electr\u00f3nica equivalente.<\/span><\/p>\n<p class=\"p3\" style=\"text-align: left;\"><span class=\"s2\">\u25a1<\/span><span class=\"s1\"> He le\u00eddo y acepto recibir publicidad o informaci\u00f3n promocional de SERCLIM SL.<\/span><\/p>\n<p class=\"p3\" style=\"text-align: left;\"><span class=\"s2\">\u25a1<\/span><span class=\"s1\"> He le\u00eddo y no acepto recibir publicidad o informaci\u00f3n promocional de SERCLIM SL.<\/span><\/p>\n<p class=\"p4\" style=\"text-align: left;\"><span class=\"s1\">Le informamos que podr\u00e1 revocar en cualquier momento el consentimiento prestado a la recepci\u00f3n de comunicaciones comerciales enviando un e-mail a la direcci\u00f3n de correo electr\u00f3nico: INSTALACIONES@SERCLIN.INFO.<\/span><\/p>\n<p class=\"p2\" style=\"text-align: left;\"><span class=\"s1\">Nombre y apellidos o Raz\u00f3n social:<\/span><\/p>\n<p class=\"p2\" style=\"text-align: left;\"><span class=\"s1\">DNI o CIF:<\/span><\/p>\n<p class=\"p2\" style=\"text-align: left;\"><span class=\"s1\">Firma del interesado.<\/span><\/p>\n<p class=\"p1\" style=\"text-align: left;\"><span class=\"s1\"><b>CL\u00c1USULA PARA INTRODUCIR EN EL FORMULARIO WEB CON PUBLICIDAD<\/b><\/span><\/p>\n<p class=\"p2\" style=\"text-align: left;\"><span class=\"s1\">De conformidad con lo establecido en la normativa vigente en Protecci\u00f3n de Datos de Car\u00e1cter Personal, le informamos que sus datos ser\u00e1n incorporados al sistema de tratamiento titularidad de SERCLIM SL con CIF B54338736 y domicilio social sito en C\/ JOSE RIBERA MONTES, 15 03802 ALCOY (ALICANTE), con la finalidad de atender sus consultas y remitirle comunicaciones comerciales que puedan ser de su inter\u00e9s. En cumplimiento con la normativa vigente, SERCLIM SL informa que los datos ser\u00e1n conservados durante el plazo estrictamente necesario para cumplir con los preceptos mencionados con anterioridad.<\/span><\/p>\n<p class=\"p2\" style=\"text-align: left;\"><span class=\"s1\">Mientras no nos comunique lo contrario, entenderemos que sus datos no han sido modificados, que usted se compromete a notificarnos cualquier variaci\u00f3n y que tenemos su consentimiento para utilizarlos<span class=\"Apple-converted-space\">\u00a0 <\/span>para<span class=\"Apple-converted-space\">\u00a0 <\/span>las finalidades mencionadas.<\/span><\/p>\n<p class=\"p2\" style=\"text-align: left;\"><span class=\"s1\">SERCLIM SL informa que proceder\u00e1 a tratar los datos de manera l\u00edcita, leal, transparente, adecuada, pertinente, limitada, exacta y actualizada. Es por ello que SERCLIM SL se compromete a adoptar todas las medidas razonables para que estos se supriman o rectifiquen sin dilaci\u00f3n cuando sean inexactos.<\/span><\/p>\n<p class=\"p2\" style=\"text-align: left;\"><span class=\"s1\">De acuerdo con los derechos que le confiere el la normativa vigente en protecci\u00f3n de datos podr\u00e1 ejercer los derechos de acceso, rectificaci\u00f3n, limitaci\u00f3n de tratamiento, supresi\u00f3n, portabilidad y oposici\u00f3n al tratamiento de sus datos de car\u00e1cter personal as\u00ed como del consentimiento prestado para el tratamiento de los mismos, dirigiendo su petici\u00f3n a la direcci\u00f3n postal indicada m\u00e1s arriba o al correo electr\u00f3nico INSTALACIONES@SERCLIN.INFO.<\/span><\/p>\n<p class=\"p2\" style=\"text-align: left;\"><span class=\"s1\">Asimismo y de acuerdo con lo establecido en la Ley 34\/2002, de 11 de julio, de Servicios de la Sociedad de la Informaci\u00f3n y de Comercio Electr\u00f3nico, en su art\u00edculo 21, solicitamos tambi\u00e9n su consentimiento expreso para enviarle publicidad de nuestros productos o promociones que consideremos puedan ser de su inter\u00e9s, por correo electr\u00f3nico o por cualquier otro medio de comunicaci\u00f3n electr\u00f3nica equivalente.<\/span><\/p>\n<p class=\"p3\" style=\"text-align: left;\"><span class=\"s2\">\u25a1<\/span><span class=\"s1\"> He le\u00eddo y acepto recibir publicidad o informaci\u00f3n promocional de SERCLIM SL.<\/span><\/p>\n<p class=\"p3\" style=\"text-align: left;\"><span class=\"s2\">\u25a1<\/span><span class=\"s1\"> He le\u00eddo y no acepto recibir publicidad o informaci\u00f3n promocional de SERCLIM SL.<\/span><\/p>\n<p class=\"p2\" style=\"text-align: left;\"><span class=\"s1\">Le informamos que podr\u00e1 revocar en cualquier momento el consentimiento prestado a la recepci\u00f3n de comunicaciones comerciales enviando un e-mail a la direcci\u00f3n de correo electr\u00f3nico: INSTALACIONES@SERCLIN.INFO.<\/span><\/p>\n<p class=\"p2\" style=\"text-align: left;\"><span class=\"s1\">Podr\u00e1 dirigirse a la Autoridad de Control competente para presentar la reclamaci\u00f3n que considere oportuna.<\/span><\/p>\n<p class=\"p1\" style=\"text-align: left;\"><span class=\"s1\"><b>CL\u00c1USULA PARA INTRODUCIR EN EL FORMULARIO WEB<\/b><\/span><\/p>\n<p class=\"p2\" style=\"text-align: left;\"><span class=\"s1\">De conformidad con lo establecido en la normativa vigente en Protecci\u00f3n de Datos de Car\u00e1cter Personal, le informamos que sus datos ser\u00e1n incorporados al sistema de tratamiento titularidad de SERCLIM SL con CIF B54338736 y domicilio social sito en C\/ JOSE RIBERA MONTES, 15 03802 ALCOY (ALICANTE), con la finalidad de atender sus consultas. En cumplimiento con la normativa vigente, SERCLIM SL informa que los datos ser\u00e1n conservados durante el plazo estrictamente necesario para cumplir con los preceptos mencionados con anterioridad.<\/span><\/p>\n<p class=\"p2\" style=\"text-align: left;\"><span class=\"s1\">Mientras no nos comunique lo contrario, entenderemos que sus datos no han sido modificados, que usted se compromete a notificarnos cualquier variaci\u00f3n y que tenemos su consentimiento para utilizarlos<span class=\"Apple-converted-space\">\u00a0 <\/span>para<span class=\"Apple-converted-space\">\u00a0 <\/span>las finalidades mencionadas.<\/span><\/p>\n<p class=\"p2\" style=\"text-align: left;\"><span class=\"s1\">SERCLIM SL informa que proceder\u00e1 a tratar los datos de manera l\u00edcita, leal, transparente, adecuada, pertinente, limitada, exacta y actualizada. Es por ello que SERCLIM SL se compromete a adoptar todas las medidas razonables para que estos se supriman o rectifiquen sin dilaci\u00f3n cuando sean inexactos.<\/span><\/p>\n<p class=\"p2\" style=\"text-align: left;\"><span class=\"s1\">De acuerdo con los derechos que le confiere el la normativa vigente en protecci\u00f3n de datos podr\u00e1 ejercer los derechos de acceso, rectificaci\u00f3n, limitaci\u00f3n de tratamiento, supresi\u00f3n, portabilidad y oposici\u00f3n al tratamiento de sus datos de car\u00e1cter personal as\u00ed como del consentimiento prestado para el tratamiento de los mismos, dirigiendo su petici\u00f3n a la direcci\u00f3n postal indicada m\u00e1s arriba o al correo electr\u00f3nico INSTALACIONES@SERCLIN.INFO.<\/span><\/p>\n<p class=\"p2\" style=\"text-align: left;\"><span class=\"s1\">Le informamos que podr\u00e1 revocar en cualquier momento el consentimiento prestado a la recepci\u00f3n de comunicaciones comerciales enviando un e-mail a la direcci\u00f3n de correo electr\u00f3nico: INSTALACIONES@SERCLIN.INFO.<\/span><\/p>\n<p class=\"p2\" style=\"text-align: left;\"><span class=\"s1\">Podr\u00e1 dirigirse a la Autoridad de Control competente para presentar la reclamaci\u00f3n que considere oportuna.<\/span><\/p>\n<p class=\"p2\" style=\"text-align: left;\"><span class=\"s1\">El env\u00edo de estos datos implica la aceptaci\u00f3n de esta cl\u00e1usula.<\/span><\/p>\n<p>[\/et_pb_text][\/et_pb_column][\/et_pb_row][et_pb_row][et_pb_column type=\u00bb4_4&#8243;][et_pb_text _builder_version=\u00bb3.5.1&#8243; text_orientation=\u00bbcenter\u00bb saved_tabs=\u00bball\u00bb]<\/p>\n<p style=\"text-align: center;\"><span class=\"s1\"><b>POL\u00cdTICA DE COOKIES<br \/>\n<\/b><\/span><\/p>\n<p>[\/et_pb_text][et_pb_code _builder_version=\u00bb3.5.1&#8243;]&lt;script id=\u00bbCookieDeclaration\u00bb src=\u00bbhttps:\/\/consent.cookiebot.com\/9ca53c7e-b309-420c-8f98-1c050b1273d6\/cd.js\u00bb type=\u00bbtext\/javascript\u00bb async&gt;&lt;\/script&gt;[\/et_pb_code][\/et_pb_column][\/et_pb_row][\/et_pb_section]<\/p>\n","protected":false},"excerpt":{"rendered":"<p><div class=\"et_pb_row et_pb_row_0 et_pb_row_empty\">\n\t\t\t\t\n\t\t\t\t\n\t\t\t\t\n\t\t\t\t\n\t\t\t\t\n\t\t\t<\/div> CONDICIONES DE USO En cumplimiento de la Ley 34\/2002, de 11 de julio, de Servicios de la Sociedad de la Informaci\u00f3n y de Comercio Electr\u00f3nico (LSSI-CE), SERCLIM SL informa que es titular del sitio web WWW.SERCLIM.INFO. De acuerdo con la exigencia del art\u00edculo 10 de la citada Ley, SERCLIM SL informa de los siguientes [&hellip;]<\/p>\n","protected":false},"author":3,"featured_media":0,"parent":0,"menu_order":0,"comment_status":"closed","ping_status":"closed","template":"","meta":{"_acf_changed":false,"_et_pb_use_builder":"on","_et_pb_old_content":"","_et_gb_content_width":"","footnotes":""},"class_list":["post-347","page","type-page","status-publish","hentry"],"acf":[],"_links":{"self":[{"href":"https:\/\/www.serclim.info\/index.php?rest_route=\/wp\/v2\/pages\/347","targetHints":{"allow":["GET"]}}],"collection":[{"href":"https:\/\/www.serclim.info\/index.php?rest_route=\/wp\/v2\/pages"}],"about":[{"href":"https:\/\/www.serclim.info\/index.php?rest_route=\/wp\/v2\/types\/page"}],"author":[{"embeddable":true,"href":"https:\/\/www.serclim.info\/index.php?rest_route=\/wp\/v2\/users\/3"}],"replies":[{"embeddable":true,"href":"https:\/\/www.serclim.info\/index.php?rest_route=%2Fwp%2Fv2%2Fcomments&post=347"}],"version-history":[{"count":6,"href":"https:\/\/www.serclim.info\/index.php?rest_route=\/wp\/v2\/pages\/347\/revisions"}],"predecessor-version":[{"id":526,"href":"https:\/\/www.serclim.info\/index.php?rest_route=\/wp\/v2\/pages\/347\/revisions\/526"}],"wp:attachment":[{"href":"https:\/\/www.serclim.info\/index.php?rest_route=%2Fwp%2Fv2%2Fmedia&parent=347"}],"curies":[{"name":"wp","href":"https:\/\/api.w.org\/{rel}","templated":true}]}}