{"id":7,"date":"2018-10-18T19:07:46","date_gmt":"2018-10-18T19:07:46","guid":{"rendered":"https:\/\/www.serclim.info\/?page_id=7"},"modified":"2019-07-31T10:18:43","modified_gmt":"2019-07-31T10:18:43","slug":"servicios","status":"publish","type":"page","link":"https:\/\/www.serclim.info\/?page_id=7","title":{"rendered":"Servicios"},"content":{"rendered":"<p>[et_pb_section bb_built=\u00bb1&#8243; _builder_version=\u00bb3.0.47&#8243;][et_pb_row _builder_version=\u00bb3.0.47&#8243; background_size=\u00bbinitial\u00bb background_position=\u00bbtop_left\u00bb background_repeat=\u00bbrepeat\u00bb][et_pb_column type=\u00bb4_4&#8243;][et_pb_image src=\u00bbhttps:\/\/www.serclim.info\/wp-content\/uploads\/2019\/07\/mock-up-serclim-06.jpg\u00bb align=\u00bbcenter\u00bb _builder_version=\u00bb3.5.1&#8243;]<\/p>\n<p>&nbsp;<\/p>\n<p>[\/et_pb_image][et_pb_text _builder_version=\u00bb3.5.1&#8243; text_font=\u00bb||||||||\u00bb header_font=\u00bb||||||||\u00bb text_orientation=\u00bbjustified\u00bb max_width=\u00bb77%\u00bb module_alignment=\u00bbcenter\u00bb]<\/p>\n<p>La capacidad organizativa es nuestro valor diferencial, a\u00fan siendo la ingenier\u00eda hidr\u00e1ulica nuestra especialidad, tenemos todos los o\ufb01cios colaborando en nuestros trabajos. Partiendo del dise\u00f1o, pasando por el componente t\u00e9cnico y rematando con el dise\u00f1o de interior, optimizamos al m\u00e1ximo los tiempo de ejecuci\u00f3n gracias a nuestra plani\ufb01caci\u00f3n.<\/p>\n<p>[\/et_pb_text][et_pb_text _builder_version=\u00bb3.5.1&#8243; text_font=\u00bb||||||||\u00bb]<\/p>\n<h1><span style=\"color: #00a7c9;\">SERVICIOS<\/span><\/h1>\n<p>[\/et_pb_text][et_pb_divider divider_weight=\u00bb3px\u00bb height=\u00bb0px\u00bb _builder_version=\u00bb3.5.1&#8243; custom_margin=\u00bb-38px|||\u00bb]<\/p>\n<p>&nbsp;<\/p>\n<p>[\/et_pb_divider][\/et_pb_column][\/et_pb_row][et_pb_row _builder_version=\u00bb3.5.1&#8243;][et_pb_column type=\u00bb1_3&#8243;][et_pb_image src=\u00bbhttps:\/\/www.serclim.info\/wp-content\/uploads\/2019\/07\/mock-up-serclim-07.jpg\u00bb _builder_version=\u00bb3.5.1&#8243;]<\/p>\n<p>&nbsp;<\/p>\n<p>[\/et_pb_image][et_pb_text _builder_version=\u00bb3.5.1&#8243;]<\/p>\n<h5 style=\"text-align: center;\"><strong>Reformas Integrales<\/strong><\/h5>\n<p style=\"text-align: center;\">El orden y la plani\ufb01caci\u00f3n son los principales<br \/>\nm\u00e9todos para conseguir optimizar los tiempos<br \/>\nde un trabajo. Con ello le podemos ofrecer el<br \/>\nplazo de ejecuci\u00f3n m\u00e1s ajustado posible.<\/p>\n<p>[\/et_pb_text][et_pb_image src=\u00bbhttps:\/\/www.serclim.info\/wp-content\/uploads\/2019\/07\/aerotermia-18.jpg\u00bb _builder_version=\u00bb3.5.1&#8243;]<\/p>\n<p>&nbsp;<\/p>\n<p>[\/et_pb_image][et_pb_text _builder_version=\u00bb3.5.1&#8243;]<\/p>\n<h4 style=\"text-align: center;\"><strong>Aerotermia<\/strong><\/h4>\n<p style=\"text-align: center;\">Sistema avanzado de refrigeraci\u00f3n tanto de conductos de suelo, como para la gesti\u00f3n de fan coils independientes. Consiguiendo una sensaci\u00f3n t\u00e9rmica suave, confortable y natural, evitando corrientes inc\u00f3modas de aire.<\/p>\n<p>[\/et_pb_text][\/et_pb_column][et_pb_column type=\u00bb1_3&#8243;][et_pb_image src=\u00bbhttps:\/\/www.serclim.info\/wp-content\/uploads\/2019\/07\/mock-up-serclim-09.jpg\u00bb _builder_version=\u00bb3.5.1&#8243;]<\/p>\n<p>&nbsp;<\/p>\n<p>[\/et_pb_image][et_pb_text _builder_version=\u00bb3.5.1&#8243;]<\/p>\n<h4 style=\"text-align: center;\"><strong>Fontaner\u00eda<\/strong><\/h4>\n<p style=\"text-align: center;\">Coordinamos los o\ufb01cios para conseguir 0<br \/>\ntiempos muertos en su obra. La transmisi\u00f3n<br \/>\nde informaci\u00f3n t\u00e9cnica entre o\ufb01cios nos hace<br \/>\nobtener un grado alt\u00edsimo de satisfacci\u00f3n.<\/p>\n<p>[\/et_pb_text][et_pb_image src=\u00bbhttps:\/\/www.serclim.info\/wp-content\/uploads\/2019\/07\/solar-17.jpg\u00bb _builder_version=\u00bb3.5.1&#8243;]<\/p>\n<p>&nbsp;<\/p>\n<p>[\/et_pb_image][et_pb_text _builder_version=\u00bb3.5.1&#8243;]<\/p>\n<h4 style=\"text-align: center;\"><strong>Solar<\/strong><\/h4>\n<p style=\"text-align: center;\">Optimizamos el consumo de las instalaciones de manera dr\u00e1stica con el uso de energ\u00eda solar, tanto para usos t\u00e9rmicos como para el agua caliente sanitaria ACS. No dude en pedirnos informaci\u00f3n<\/p>\n<p>[\/et_pb_text][\/et_pb_column][et_pb_column type=\u00bb1_3&#8243;][et_pb_image src=\u00bbhttps:\/\/www.serclim.info\/wp-content\/uploads\/2019\/07\/mock-up-serclim-11.jpg\u00bb _builder_version=\u00bb3.5.1&#8243;]<\/p>\n<p>&nbsp;<\/p>\n<p>[\/et_pb_image][et_pb_text _builder_version=\u00bb3.5.1&#8243;]<\/p>\n<h4 style=\"text-align: center;\"><strong>Climatizaci\u00f3n \/ Calefacci\u00f3n<\/strong><\/h4>\n<p style=\"text-align: center;\">Nuestra especialidad es conseguir el confort en<br \/>\ntus espacios, mediante la \u00faltima t\u00e9cnolog\u00eda y los<br \/>\nsistemas cl\u00e1sicos de climatizaci\u00f3n, combinamos<br \/>\nel conocimiento multiplicar resultados.<\/p>\n<p>[\/et_pb_text][et_pb_image src=\u00bbhttps:\/\/www.serclim.info\/wp-content\/uploads\/2019\/07\/mock-up-serclim-13-1.jpg\u00bb _builder_version=\u00bb3.5.1&#8243;]<\/p>\n<p>&nbsp;<\/p>\n<p>[\/et_pb_image][et_pb_text _builder_version=\u00bb3.5.1&#8243;]<\/p>\n<h4 style=\"text-align: center;\"><strong>Interiorismo\/Paisajismo<\/strong><\/h4>\n<p style=\"text-align: center;\">Nos encanta trabajar con mimo el detalle, por ello, tanto interioristas como arquitectos nos eligen para la realizaci\u00f3n de sus novedosas ideas. Colaboramos estrechamente con los gabinetes creativos m\u00e1s importantes de la provincia.<\/p>\n<p>[\/et_pb_text][\/et_pb_column][\/et_pb_row][et_pb_row _builder_version=\u00bb3.5.1&#8243;][et_pb_column type=\u00bb4_4&#8243;][et_pb_text _builder_version=\u00bb3.5.1&#8243; text_font=\u00bb||||||||\u00bb]<\/p>\n<h1><span style=\"color: #00a7c9;\">PRESUPUESTOS<\/span><\/h1>\n<p>[\/et_pb_text][et_pb_divider divider_weight=\u00bb3px\u00bb height=\u00bb0px\u00bb _builder_version=\u00bb3.5.1&#8243; custom_margin=\u00bb-38px|||\u00bb]<\/p>\n<p>&nbsp;<\/p>\n<p>[\/et_pb_divider][et_pb_text max_width=\u00bb77%\u00bb _builder_version=\u00bb3.5.1&#8243; module_alignment=\u00bbcenter\u00bb]<\/p>\n<h2 style=\"text-align: center;\"><\/h2>\n<h2 style=\"text-align: center;\"><strong>\u00bfQuieres saber cuanto te costar\u00eda tu reforma?<\/strong><\/h2>\n<p>&nbsp;<\/p>\n<p style=\"text-align: justify;\">Tanto si dispone de un proyecto\/idea como si necesita asesoramiento en cualquiera de los servicios anteriormente citados, no dude en consultarnos. Le haremos un presupuesto sin ning\u00fan tipo de compromiso, a la vez que le aconsejaremos desde el punto de vista t\u00e9cnico y est\u00e9tico para mejorar siempre sus ideas.<\/p>\n<p>[\/et_pb_text][et_pb_button button_text=\u00bbPoneros en contacto conmigo\u00bb _builder_version=\u00bb3.5.1&#8243; button_alignment=\u00bbcenter\u00bb saved_tabs=\u00bball\u00bb button_url=\u00bbmailto:instalaciones@serclim.info\u00bb]<\/p>\n<p>&nbsp;<\/p>\n<p>[\/et_pb_button][\/et_pb_column][\/et_pb_row][\/et_pb_section]<\/p>\n","protected":false},"excerpt":{"rendered":"<p>&nbsp; La capacidad organizativa es nuestro valor diferencial, a\u00fan siendo la ingenier\u00eda hidr\u00e1ulica nuestra especialidad, tenemos todos los o\ufb01cios colaborando en nuestros trabajos. Partiendo del dise\u00f1o, pasando por el componente t\u00e9cnico y rematando con el dise\u00f1o de interior, optimizamos al m\u00e1ximo los tiempo de ejecuci\u00f3n gracias a nuestra plani\ufb01caci\u00f3n. SERVICIOS &nbsp; &nbsp; Reformas Integrales El [&hellip;]<\/p>\n","protected":false},"author":2,"featured_media":0,"parent":0,"menu_order":0,"comment_status":"closed","ping_status":"closed","template":"","meta":{"_acf_changed":false,"_et_pb_use_builder":"on","_et_pb_old_content":"","_et_gb_content_width":"","footnotes":""},"class_list":["post-7","page","type-page","status-publish","hentry"],"acf":[],"_links":{"self":[{"href":"https:\/\/www.serclim.info\/index.php?rest_route=\/wp\/v2\/pages\/7","targetHints":{"allow":["GET"]}}],"collection":[{"href":"https:\/\/www.serclim.info\/index.php?rest_route=\/wp\/v2\/pages"}],"about":[{"href":"https:\/\/www.serclim.info\/index.php?rest_route=\/wp\/v2\/types\/page"}],"author":[{"embeddable":true,"href":"https:\/\/www.serclim.info\/index.php?rest_route=\/wp\/v2\/users\/2"}],"replies":[{"embeddable":true,"href":"https:\/\/www.serclim.info\/index.php?rest_route=%2Fwp%2Fv2%2Fcomments&post=7"}],"version-history":[{"count":21,"href":"https:\/\/www.serclim.info\/index.php?rest_route=\/wp\/v2\/pages\/7\/revisions"}],"predecessor-version":[{"id":330,"href":"https:\/\/www.serclim.info\/index.php?rest_route=\/wp\/v2\/pages\/7\/revisions\/330"}],"wp:attachment":[{"href":"https:\/\/www.serclim.info\/index.php?rest_route=%2Fwp%2Fv2%2Fmedia&parent=7"}],"curies":[{"name":"wp","href":"https:\/\/api.w.org\/{rel}","templated":true}]}}