{"id":9,"date":"2018-10-18T19:07:46","date_gmt":"2018-10-18T19:07:46","guid":{"rendered":"https:\/\/www.serclim.info\/?page_id=9"},"modified":"2019-08-14T09:21:57","modified_gmt":"2019-08-14T09:21:57","slug":"certificaciones","status":"publish","type":"page","link":"https:\/\/www.serclim.info\/?page_id=9","title":{"rendered":"Certificaciones"},"content":{"rendered":"<p>[et_pb_section bb_built=\u00bb1&#8243; _builder_version=\u00bb3.5.1&#8243;][et_pb_row][et_pb_column type=\u00bb4_4&#8243;][et_pb_text _builder_version=\u00bb3.5.1&#8243;]<\/p>\n<h3 style=\"text-align: left;\">La uni\u00f3n hace la fuerza, tus compa\u00f1eros te hacen fuerte y es la base del mercado moderno, os detallamos gran parte de nuestros colaboradores con los que hemos unido fuerzas durante nuestra larga vida profesional.<\/h3>\n<p>[\/et_pb_text][\/et_pb_column][\/et_pb_row][et_pb_row][et_pb_column type=\u00bb4_4&#8243;][et_pb_divider _builder_version=\u00bb3.5.1&#8243; color=\u00bbrgba(186,127,232,0.81)\u00bb \/][\/et_pb_column][\/et_pb_row][et_pb_row _builder_version=\u00bb3.5.1&#8243;][et_pb_column type=\u00bb1_4&#8243;][et_pb_image _builder_version=\u00bb3.5.1&#8243; src=\u00bbhttps:\/\/www.serclim.info\/wp-content\/uploads\/2019\/07\/uponor-logo.png\u00bb \/][\/et_pb_column][et_pb_column type=\u00bb3_4&#8243;][et_pb_text _builder_version=\u00bb3.5.1&#8243;]<\/p>\n<p>Somos servicio t\u00e9cnico autorizado de UPONOR,<\/p>\n<p>Uponor, l\u00edder en sistemas de fontaner\u00eda y Climatizaci\u00f3n Invisible.<\/p>\n<p class=\" atom-primary-headline small\">Trabajamos e instalamos toda su gama, incluso trabajamos mano a mano en la mejora de soluciones tanto en fontaner\u00eda como en clima.visite su web en <a href=\"https:\/\/www.uponor.es\">www.uponor.es<\/a> y para cualquier ayuda, cont\u00e1ctenos.<\/p>\n<p>[\/et_pb_text][\/et_pb_column][\/et_pb_row][et_pb_row][et_pb_column type=\u00bb4_4&#8243;][et_pb_divider _builder_version=\u00bb3.5.1&#8243; color=\u00bbrgba(186,127,232,0.81)\u00bb \/][\/et_pb_column][\/et_pb_row][et_pb_row][et_pb_column type=\u00bb1_4&#8243;][et_pb_image _builder_version=\u00bb3.5.1&#8243; src=\u00bbhttps:\/\/www.serclim.info\/wp-content\/uploads\/2019\/07\/baxi-climatizacion.png\u00bb \/][\/et_pb_column][et_pb_column type=\u00bb3_4&#8243;][et_pb_text _builder_version=\u00bb3.5.1&#8243;]<\/p>\n<p>&nbsp;<\/p>\n<p>Baxi, marca puntera en sistemas de calefacci\u00f3n, aire acondicionado y energ\u00eda solar t\u00e9rmica. Procediendo la afamada marca Roca, fue absorvida por la multinacional la cual ha dotado de un gran componente t\u00e9cnico a sus soluciones para interiores.<\/p>\n<p>Conozca sus productos y si tiene alguna duda, cons\u00faltenos\u00a0<a href=\"https:\/\/www.baxi.es\/\">www.baxi.es\/<\/a><\/p>\n<p>[\/et_pb_text][\/et_pb_column][\/et_pb_row][et_pb_row][et_pb_column type=\u00bb4_4&#8243;][et_pb_divider _builder_version=\u00bb3.5.1&#8243; color=\u00bbrgba(186,127,232,0.81)\u00bb \/][\/et_pb_column][\/et_pb_row][et_pb_row][et_pb_column type=\u00bb1_4&#8243;][et_pb_image _builder_version=\u00bb3.5.1&#8243; src=\u00bbhttps:\/\/www.serclim.info\/wp-content\/uploads\/2019\/07\/Mitsubishi_Electric_logo.png\u00bb \/][\/et_pb_column][et_pb_column type=\u00bb3_4&#8243;][et_pb_text _builder_version=\u00bb3.5.1&#8243;]<\/p>\n<p>&nbsp;<\/p>\n<p>Un proveedor que nos encanta utilizar por la fiabilidad de sus sistemas es Mitsubishi Electric. Instalamos desde hace tiempo sus sistemas VRF\/AVS con especial atenci\u00f3n a la Aerotermia.<\/p>\n<p>Estamos seguros de que sus sistemas seguir\u00e1n con la fiabilidad demostrada hasta el momento en su larga trayectoria.<\/p>\n<p>Aqu\u00ed podr\u00e1n ver su cat\u00e1logo\u00a0<a href=\"https:\/\/es.mitsubishielectric.com\/es\/\" target=\"_blank\" rel=\"noopener\">mitsubishielectric.com<\/a><\/p>\n<p>[\/et_pb_text][\/et_pb_column][\/et_pb_row][et_pb_row][et_pb_column type=\u00bb4_4&#8243;][et_pb_divider _builder_version=\u00bb3.5.1&#8243; color=\u00bbrgba(186,127,232,0.81)\u00bb \/][\/et_pb_column][\/et_pb_row][et_pb_row][et_pb_column type=\u00bb1_4&#8243;][et_pb_image _builder_version=\u00bb3.5.1&#8243; src=\u00bbhttps:\/\/www.serclim.info\/wp-content\/uploads\/2019\/07\/Mitsubishi_Electric_logo-1.png\u00bb \/][\/et_pb_column][et_pb_column type=\u00bb3_4&#8243;][et_pb_text _builder_version=\u00bb3.5.1&#8243;]<\/p>\n<p>&nbsp;<\/p>\n<p>Colaboramos con Gonzalo Montoro en labores de dise\u00f1o y creatividad.<\/p>\n<p>Su estudio se diferencia por el trato artesanal de las labores creativas, consiguiendo un producto muy artesanal.<\/p>\n<p>Echad una mirada a sus trabajos en <a href=\"http:\/\/www.gonzalomontoro.com\/\">gonzalomontoro.com<\/a><\/p>\n<p>[\/et_pb_text][\/et_pb_column][\/et_pb_row][et_pb_row][et_pb_column type=\u00bb4_4&#8243;][et_pb_divider _builder_version=\u00bb3.5.1&#8243; color=\u00bbrgba(186,127,232,0.81)\u00bb \/][\/et_pb_column][\/et_pb_row][et_pb_row][et_pb_column type=\u00bb4_4&#8243;][et_pb_text _builder_version=\u00bb3.5.1&#8243; text_orientation=\u00bbcenter\u00bb saved_tabs=\u00bball\u00bb]<\/p>\n<p><strong>Necesita informaci\u00f3n o presupuesto<\/strong><\/p>\n<p>[\/et_pb_text][et_pb_contact_form module_id=\u00bbet_pb_contact_form_0&#8243; _builder_version=\u00bb3.5.1&#8243; saved_tabs=\u00bball\u00bb title=\u00bbENVIADO\u00bb success_message=\u00bbGracias por su mensaje, en breve nos pondremos en contacto con usted\u00bb email=\u00bbinstalaciones@serclim.info\u00bb][et_pb_contact_field field_id=\u00bbName\u00bb field_title=\u00bbNombre\u00bb _builder_version=\u00bb3.5.1&#8243; border_radii=\u00bbon||||\u00bb][\/et_pb_contact_field][et_pb_contact_field field_id=\u00bbEmail\u00bb field_title=\u00bbDirecci\u00f3n de correo electr\u00f3nico\u00bb field_type=\u00bbemail\u00bb _builder_version=\u00bb3.0.47&#8243; border_radii=\u00bbon||||\u00bb][\/et_pb_contact_field][et_pb_contact_field field_id=\u00bbMessage\u00bb field_title=\u00bbMensaje\u00bb field_type=\u00bbtext\u00bb fullwidth_field=\u00bbon\u00bb _builder_version=\u00bb3.0.47&#8243; border_radii=\u00bbon||||\u00bb][\/et_pb_contact_field][\/et_pb_contact_form][\/et_pb_column][\/et_pb_row][\/et_pb_section]<\/p>\n","protected":false},"excerpt":{"rendered":"<p><div class=\"et_pb_row et_pb_row_0 et_pb_row_empty\">\n\t\t\t\t\n\t\t\t\t\n\t\t\t\t\n\t\t\t\t\n\t\t\t\t\n\t\t\t<\/div> La uni\u00f3n hace la fuerza, tus compa\u00f1eros te hacen fuerte y es la base del mercado moderno, os detallamos gran parte de nuestros colaboradores con los que hemos unido fuerzas durante nuestra larga vida profesional. <div class=\"et_pb_row et_pb_row_1 et_pb_row_empty\">\n\t\t\t\t\n\t\t\t\t\n\t\t\t\t\n\t\t\t\t\n\t\t\t\t\n\t\t\t<\/div> Somos servicio t\u00e9cnico autorizado de UPONOR, Uponor, l\u00edder en sistemas de fontaner\u00eda y Climatizaci\u00f3n Invisible. Trabajamos e instalamos [&hellip;]<\/p>\n","protected":false},"author":2,"featured_media":0,"parent":0,"menu_order":0,"comment_status":"closed","ping_status":"closed","template":"","meta":{"_et_pb_use_builder":"on","_et_pb_old_content":"","_et_gb_content_width":"","footnotes":""},"class_list":["post-9","page","type-page","status-publish","hentry"],"_links":{"self":[{"href":"https:\/\/www.serclim.info\/index.php?rest_route=\/wp\/v2\/pages\/9","targetHints":{"allow":["GET"]}}],"collection":[{"href":"https:\/\/www.serclim.info\/index.php?rest_route=\/wp\/v2\/pages"}],"about":[{"href":"https:\/\/www.serclim.info\/index.php?rest_route=\/wp\/v2\/types\/page"}],"author":[{"embeddable":true,"href":"https:\/\/www.serclim.info\/index.php?rest_route=\/wp\/v2\/users\/2"}],"replies":[{"embeddable":true,"href":"https:\/\/www.serclim.info\/index.php?rest_route=%2Fwp%2Fv2%2Fcomments&post=9"}],"version-history":[{"count":24,"href":"https:\/\/www.serclim.info\/index.php?rest_route=\/wp\/v2\/pages\/9\/revisions"}],"predecessor-version":[{"id":440,"href":"https:\/\/www.serclim.info\/index.php?rest_route=\/wp\/v2\/pages\/9\/revisions\/440"}],"wp:attachment":[{"href":"https:\/\/www.serclim.info\/index.php?rest_route=%2Fwp%2Fv2%2Fmedia&parent=9"}],"curies":[{"name":"wp","href":"https:\/\/api.w.org\/{rel}","templated":true}]}}